{"id":12,"date":"2026-04-22T10:36:03","date_gmt":"2026-04-22T10:36:03","guid":{"rendered":"https:\/\/koneheino.ngmprojektit.fi\/?page_id=12"},"modified":"2026-04-22T13:00:15","modified_gmt":"2026-04-22T13:00:15","slug":"etusivu","status":"publish","type":"page","link":"https:\/\/koneheino.ngmprojektit.fi\/","title":{"rendered":"Etusivu"},"content":{"rendered":"\t\t<div data-elementor-type=\"wp-page\" data-elementor-id=\"12\" class=\"elementor elementor-12\" data-elementor-post-type=\"page\">\n\t\t\t\t\t\t<section class=\"elementor-section elementor-top-section elementor-element elementor-element-ab1675b elementor-section-boxed elementor-section-height-default elementor-section-height-default\" data-id=\"ab1675b\" data-element_type=\"section\" data-e-type=\"section\" data-settings=\"{&quot;background_background&quot;:&quot;classic&quot;,&quot;background_motion_fx_motion_fx_scrolling&quot;:&quot;yes&quot;,&quot;background_motion_fx_scale_effect&quot;:&quot;yes&quot;,&quot;background_motion_fx_scale_direction&quot;:&quot;out-in&quot;,&quot;background_motion_fx_scale_speed&quot;:{&quot;unit&quot;:&quot;px&quot;,&quot;size&quot;:4,&quot;sizes&quot;:[]},&quot;background_motion_fx_scale_range&quot;:{&quot;unit&quot;:&quot;%&quot;,&quot;size&quot;:&quot;&quot;,&quot;sizes&quot;:{&quot;start&quot;:20,&quot;end&quot;:80}},&quot;background_motion_fx_devices&quot;:[&quot;desktop&quot;,&quot;tablet&quot;,&quot;mobile&quot;]}\">\n\t\t\t\t\t\t\t<div class=\"elementor-background-overlay\"><\/div>\n\t\t\t\t\t\t\t<div class=\"elementor-container elementor-column-gap-default\">\n\t\t\t\t\t<div class=\"elementor-column elementor-col-100 elementor-top-column elementor-element elementor-element-a4b30d5\" data-id=\"a4b30d5\" data-element_type=\"column\" data-e-type=\"column\">\n\t\t\t<div class=\"elementor-widget-wrap elementor-element-populated\">\n\t\t\t\t\t\t<div class=\"elementor-element elementor-element-7ac2c6d elementor-widget elementor-widget-heading\" data-id=\"7ac2c6d\" data-element_type=\"widget\" data-e-type=\"widget\" data-widget_type=\"heading.default\">\n\t\t\t\t\t<h2 class=\"elementor-heading-title elementor-size-default\">Auto- ja maatalouskonekorjaamo sek\u00e4 varaosamyynti<\/h2>\t\t\t\t<\/div>\n\t\t\t\t<div class=\"elementor-element elementor-element-5f854a3 elementor-widget elementor-widget-heading\" data-id=\"5f854a3\" data-element_type=\"widget\" data-e-type=\"widget\" data-widget_type=\"heading.default\">\n\t\t\t\t\t<h1 class=\"elementor-heading-title elementor-size-default\">Teemme auto- ja maatalouskonehuollot <br>ja renkaanvaihdot joustavasti ja<br> ammattitaidolla<\/h1>\t\t\t\t<\/div>\n\t\t\t\t<div class=\"elementor-element elementor-element-6063fc9 elementor-widget elementor-widget-text-editor\" data-id=\"6063fc9\" data-element_type=\"widget\" data-e-type=\"widget\" data-widget_type=\"text-editor.default\">\n\t\t\t\t\t\t\t\t\t<p>Kone-Heino Oy kuuluu Fixus-ketjuun, olemme kahdeksan henke\u00e4 ty\u00f6llist\u00e4v\u00e4<br \/>monipuolinen korjaamo- ja varaosayritys Sysm\u00e4ss\u00e4.<\/p>\t\t\t\t\t\t\t\t<\/div>\n\t\t\t\t<section class=\"elementor-section elementor-inner-section elementor-element elementor-element-f070d63 elementor-section-boxed elementor-section-height-default elementor-section-height-default\" data-id=\"f070d63\" data-element_type=\"section\" data-e-type=\"section\">\n\t\t\t\t\t\t<div class=\"elementor-container elementor-column-gap-default\">\n\t\t\t\t\t<div class=\"elementor-column elementor-col-50 elementor-inner-column elementor-element elementor-element-b4e013d\" data-id=\"b4e013d\" data-element_type=\"column\" data-e-type=\"column\">\n\t\t\t<div class=\"elementor-widget-wrap elementor-element-populated\">\n\t\t\t\t\t\t<div class=\"elementor-element elementor-element-8884132 elementor-align-justify elementor-widget elementor-widget-button\" data-id=\"8884132\" data-element_type=\"widget\" data-e-type=\"widget\" data-widget_type=\"button.default\">\n\t\t\t\t\t\t\t\t\t\t<a class=\"elementor-button elementor-button-link elementor-size-sm elementor-animation-shrink\" href=\"https:\/\/koneheino.ngmprojektit.fi\/?page_id=16\">\n\t\t\t\t\t\t<span class=\"elementor-button-content-wrapper\">\n\t\t\t\t\t\t\t\t\t<span class=\"elementor-button-text\">Tutustu huoltopalveluihin<\/span>\n\t\t\t\t\t<\/span>\n\t\t\t\t\t<\/a>\n\t\t\t\t\t\t\t\t<\/div>\n\t\t\t\t\t<\/div>\n\t\t<\/div>\n\t\t\t\t<div class=\"elementor-column elementor-col-50 elementor-inner-column elementor-element elementor-element-952b135\" data-id=\"952b135\" data-element_type=\"column\" data-e-type=\"column\">\n\t\t\t<div class=\"elementor-widget-wrap elementor-element-populated\">\n\t\t\t\t\t\t<div class=\"elementor-element elementor-element-38250f1 elementor-align-justify elementor-widget elementor-widget-button\" data-id=\"38250f1\" data-element_type=\"widget\" data-e-type=\"widget\" data-widget_type=\"button.default\">\n\t\t\t\t\t\t\t\t\t\t<a class=\"elementor-button elementor-button-link elementor-size-sm elementor-animation-shrink\" href=\"https:\/\/koneheino.ngmprojektit.fi\/?page_id=22\">\n\t\t\t\t\t\t<span class=\"elementor-button-content-wrapper\">\n\t\t\t\t\t\t\t\t\t<span class=\"elementor-button-text\">Pyyd\u00e4 tarjous<\/span>\n\t\t\t\t\t<\/span>\n\t\t\t\t\t<\/a>\n\t\t\t\t\t\t\t\t<\/div>\n\t\t\t\t\t<\/div>\n\t\t<\/div>\n\t\t\t\t\t<\/div>\n\t\t<\/section>\n\t\t\t\t\t<\/div>\n\t\t<\/div>\n\t\t\t\t\t<\/div>\n\t\t<\/section>\n\t\t\t\t<section class=\"elementor-section elementor-top-section elementor-element elementor-element-5a10d80 elementor-section-boxed elementor-section-height-default elementor-section-height-default\" data-id=\"5a10d80\" data-element_type=\"section\" data-e-type=\"section\">\n\t\t\t\t\t\t<div class=\"elementor-container elementor-column-gap-default\">\n\t\t\t\t\t<div class=\"elementor-column elementor-col-100 elementor-top-column elementor-element elementor-element-697fc34\" data-id=\"697fc34\" data-element_type=\"column\" data-e-type=\"column\">\n\t\t\t<div class=\"elementor-widget-wrap elementor-element-populated\">\n\t\t\t\t\t\t<section class=\"elementor-section elementor-inner-section elementor-element elementor-element-10d3b89 elementor-section-boxed elementor-section-height-default elementor-section-height-default\" data-id=\"10d3b89\" data-element_type=\"section\" data-e-type=\"section\">\n\t\t\t\t\t\t<div class=\"elementor-container elementor-column-gap-default\">\n\t\t\t\t\t<div class=\"elementor-column elementor-col-25 elementor-inner-column elementor-element elementor-element-75b1402\" data-id=\"75b1402\" data-element_type=\"column\" data-e-type=\"column\">\n\t\t\t<div class=\"elementor-widget-wrap elementor-element-populated\">\n\t\t\t\t\t\t<div class=\"elementor-element elementor-element-352a041 elementor-widget elementor-widget-image\" data-id=\"352a041\" data-element_type=\"widget\" data-e-type=\"widget\" data-widget_type=\"image.default\">\n\t\t\t\t\t\t\t\t\t\t\t\t\t\t\t<img fetchpriority=\"high\" decoding=\"async\" width=\"494\" height=\"166\" src=\"https:\/\/koneheino.ngmprojektit.fi\/wp-content\/uploads\/2026\/04\/specma.avif\" class=\"attachment-large size-large wp-image-46\" alt=\"\" srcset=\"https:\/\/koneheino.ngmprojektit.fi\/wp-content\/uploads\/2026\/04\/specma.avif 494w, https:\/\/koneheino.ngmprojektit.fi\/wp-content\/uploads\/2026\/04\/specma-300x101.avif 300w\" sizes=\"(max-width: 494px) 100vw, 494px\" \/>\t\t\t\t\t\t\t\t\t\t\t\t\t\t\t<\/div>\n\t\t\t\t\t<\/div>\n\t\t<\/div>\n\t\t\t\t<div class=\"elementor-column elementor-col-25 elementor-inner-column elementor-element elementor-element-7217d32\" data-id=\"7217d32\" data-element_type=\"column\" data-e-type=\"column\">\n\t\t\t<div class=\"elementor-widget-wrap elementor-element-populated\">\n\t\t\t\t\t\t<div class=\"elementor-element elementor-element-753c031 elementor-widget elementor-widget-image\" data-id=\"753c031\" data-element_type=\"widget\" data-e-type=\"widget\" data-widget_type=\"image.default\">\n\t\t\t\t\t\t\t\t\t\t\t\t\t\t\t<img decoding=\"async\" width=\"350\" height=\"389\" src=\"https:\/\/koneheino.ngmprojektit.fi\/wp-content\/uploads\/2026\/04\/avant-logo-1.avif\" class=\"attachment-large size-large wp-image-47\" alt=\"\" srcset=\"https:\/\/koneheino.ngmprojektit.fi\/wp-content\/uploads\/2026\/04\/avant-logo-1.avif 350w, https:\/\/koneheino.ngmprojektit.fi\/wp-content\/uploads\/2026\/04\/avant-logo-1-270x300.avif 270w\" sizes=\"(max-width: 350px) 100vw, 350px\" \/>\t\t\t\t\t\t\t\t\t\t\t\t\t\t\t<\/div>\n\t\t\t\t\t<\/div>\n\t\t<\/div>\n\t\t\t\t<div class=\"elementor-column elementor-col-25 elementor-inner-column elementor-element elementor-element-24639f5\" data-id=\"24639f5\" data-element_type=\"column\" data-e-type=\"column\">\n\t\t\t<div class=\"elementor-widget-wrap elementor-element-populated\">\n\t\t\t\t\t\t<div class=\"elementor-element elementor-element-785ef40 elementor-widget elementor-widget-image\" data-id=\"785ef40\" data-element_type=\"widget\" data-e-type=\"widget\" data-widget_type=\"image.default\">\n\t\t\t\t\t\t\t\t\t\t\t\t\t\t\t<img decoding=\"async\" width=\"356\" height=\"194\" src=\"https:\/\/koneheino.ngmprojektit.fi\/wp-content\/uploads\/2026\/04\/sampo-rosenlew-oy_owler_20160331_124634_.avif\" class=\"attachment-large size-large wp-image-48\" alt=\"\" srcset=\"https:\/\/koneheino.ngmprojektit.fi\/wp-content\/uploads\/2026\/04\/sampo-rosenlew-oy_owler_20160331_124634_.avif 356w, https:\/\/koneheino.ngmprojektit.fi\/wp-content\/uploads\/2026\/04\/sampo-rosenlew-oy_owler_20160331_124634_-300x163.avif 300w\" sizes=\"(max-width: 356px) 100vw, 356px\" \/>\t\t\t\t\t\t\t\t\t\t\t\t\t\t\t<\/div>\n\t\t\t\t\t<\/div>\n\t\t<\/div>\n\t\t\t\t<div class=\"elementor-column elementor-col-25 elementor-inner-column elementor-element elementor-element-217b6eb\" data-id=\"217b6eb\" data-element_type=\"column\" data-e-type=\"column\">\n\t\t\t<div class=\"elementor-widget-wrap elementor-element-populated\">\n\t\t\t\t\t\t<div class=\"elementor-element elementor-element-a707496 elementor-widget elementor-widget-image\" data-id=\"a707496\" data-element_type=\"widget\" data-e-type=\"widget\" data-widget_type=\"image.default\">\n\t\t\t\t\t\t\t\t\t\t\t\t\t\t\t<img loading=\"lazy\" decoding=\"async\" width=\"360\" height=\"82\" src=\"https:\/\/koneheino.ngmprojektit.fi\/wp-content\/uploads\/2026\/04\/Valtra_Logo3D_CMYK_90800_4333f583-135d-4.avif\" class=\"attachment-large size-large wp-image-49\" alt=\"\" srcset=\"https:\/\/koneheino.ngmprojektit.fi\/wp-content\/uploads\/2026\/04\/Valtra_Logo3D_CMYK_90800_4333f583-135d-4.avif 360w, https:\/\/koneheino.ngmprojektit.fi\/wp-content\/uploads\/2026\/04\/Valtra_Logo3D_CMYK_90800_4333f583-135d-4-300x68.avif 300w\" sizes=\"(max-width: 360px) 100vw, 360px\" \/>\t\t\t\t\t\t\t\t\t\t\t\t\t\t\t<\/div>\n\t\t\t\t\t<\/div>\n\t\t<\/div>\n\t\t\t\t\t<\/div>\n\t\t<\/section>\n\t\t\t\t\t<\/div>\n\t\t<\/div>\n\t\t\t\t\t<\/div>\n\t\t<\/section>\n\t\t\t\t<section class=\"elementor-section elementor-top-section elementor-element elementor-element-54ea83e elementor-section-boxed elementor-section-height-default elementor-section-height-default\" data-id=\"54ea83e\" data-element_type=\"section\" data-e-type=\"section\">\n\t\t\t\t\t\t<div class=\"elementor-container elementor-column-gap-default\">\n\t\t\t\t\t<div class=\"elementor-column elementor-col-100 elementor-top-column elementor-element elementor-element-1c037e6\" data-id=\"1c037e6\" data-element_type=\"column\" data-e-type=\"column\">\n\t\t\t<div class=\"elementor-widget-wrap elementor-element-populated\">\n\t\t\t\t\t\t<div class=\"elementor-element elementor-element-d8496a9 elementor-widget elementor-widget-heading\" data-id=\"d8496a9\" data-element_type=\"widget\" data-e-type=\"widget\" data-widget_type=\"heading.default\">\n\t\t\t\t\t<h2 class=\"elementor-heading-title elementor-size-default\">T\u00e4t\u00e4 me tarjoamme<\/h2>\t\t\t\t<\/div>\n\t\t\t\t<section class=\"elementor-section elementor-inner-section elementor-element elementor-element-0ac1d5e elementor-section-full_width elementor-section-height-default elementor-section-height-default\" data-id=\"0ac1d5e\" data-element_type=\"section\" data-e-type=\"section\">\n\t\t\t\t\t\t<div class=\"elementor-container elementor-column-gap-default\">\n\t\t\t\t\t<div class=\"elementor-column elementor-col-33 elementor-inner-column elementor-element elementor-element-870556a\" data-id=\"870556a\" data-element_type=\"column\" data-e-type=\"column\" data-settings=\"{&quot;background_background&quot;:&quot;classic&quot;}\">\n\t\t\t<div class=\"elementor-widget-wrap elementor-element-populated\">\n\t\t\t\t\t<div class=\"elementor-background-overlay\"><\/div>\n\t\t\t\t\t\t<div class=\"elementor-element elementor-element-ecec102 elementor-widget elementor-widget-heading\" data-id=\"ecec102\" data-element_type=\"widget\" data-e-type=\"widget\" data-widget_type=\"heading.default\">\n\t\t\t\t\t<h3 class=\"elementor-heading-title elementor-size-default\">Huoltopalvelut<\/h3>\t\t\t\t<\/div>\n\t\t\t\t<div class=\"elementor-element elementor-element-5e10122 elementor-align-center elementor-widget elementor-widget-button\" data-id=\"5e10122\" data-element_type=\"widget\" data-e-type=\"widget\" data-widget_type=\"button.default\">\n\t\t\t\t\t\t\t\t\t\t<a class=\"elementor-button elementor-button-link elementor-size-sm elementor-animation-shrink\" href=\"https:\/\/koneheino.ngmprojektit.fi\/?page_id=16\">\n\t\t\t\t\t\t<span class=\"elementor-button-content-wrapper\">\n\t\t\t\t\t\t\t\t\t<span class=\"elementor-button-text\">Tutustu huoltopalveluihin<\/span>\n\t\t\t\t\t<\/span>\n\t\t\t\t\t<\/a>\n\t\t\t\t\t\t\t\t<\/div>\n\t\t\t\t\t<\/div>\n\t\t<\/div>\n\t\t\t\t<div class=\"elementor-column elementor-col-33 elementor-inner-column elementor-element elementor-element-855e90a\" data-id=\"855e90a\" data-element_type=\"column\" data-e-type=\"column\" data-settings=\"{&quot;background_background&quot;:&quot;classic&quot;}\">\n\t\t\t<div class=\"elementor-widget-wrap elementor-element-populated\">\n\t\t\t\t\t<div class=\"elementor-background-overlay\"><\/div>\n\t\t\t\t\t\t<div class=\"elementor-element elementor-element-168af2a elementor-widget elementor-widget-heading\" data-id=\"168af2a\" data-element_type=\"widget\" data-e-type=\"widget\" data-widget_type=\"heading.default\">\n\t\t\t\t\t<h3 class=\"elementor-heading-title elementor-size-default\">Tuotteet ja varaosat <\/h3>\t\t\t\t<\/div>\n\t\t\t\t<div class=\"elementor-element elementor-element-a7007e0 elementor-align-center elementor-widget elementor-widget-button\" data-id=\"a7007e0\" data-element_type=\"widget\" data-e-type=\"widget\" data-widget_type=\"button.default\">\n\t\t\t\t\t\t\t\t\t\t<a class=\"elementor-button elementor-button-link elementor-size-sm elementor-animation-shrink\" href=\"https:\/\/koneheino.ngmprojektit.fi\/?page_id=18\">\n\t\t\t\t\t\t<span class=\"elementor-button-content-wrapper\">\n\t\t\t\t\t\t\t\t\t<span class=\"elementor-button-text\">Tutustu tuotteisiin ja varaosiin<\/span>\n\t\t\t\t\t<\/span>\n\t\t\t\t\t<\/a>\n\t\t\t\t\t\t\t\t<\/div>\n\t\t\t\t\t<\/div>\n\t\t<\/div>\n\t\t\t\t<div class=\"elementor-column elementor-col-33 elementor-inner-column elementor-element elementor-element-beb6ac1\" data-id=\"beb6ac1\" data-element_type=\"column\" data-e-type=\"column\" data-settings=\"{&quot;background_background&quot;:&quot;classic&quot;}\">\n\t\t\t<div class=\"elementor-widget-wrap elementor-element-populated\">\n\t\t\t\t\t<div class=\"elementor-background-overlay\"><\/div>\n\t\t\t\t\t\t<div class=\"elementor-element elementor-element-3caaed8 elementor-widget elementor-widget-heading\" data-id=\"3caaed8\" data-element_type=\"widget\" data-e-type=\"widget\" data-widget_type=\"heading.default\">\n\t\t\t\t\t<h3 class=\"elementor-heading-title elementor-size-default\">Hydrauliikkatarvikkeet<\/h3>\t\t\t\t<\/div>\n\t\t\t\t<div class=\"elementor-element elementor-element-a0fddfc elementor-align-center elementor-widget elementor-widget-button\" data-id=\"a0fddfc\" data-element_type=\"widget\" data-e-type=\"widget\" data-widget_type=\"button.default\">\n\t\t\t\t\t\t\t\t\t\t<a class=\"elementor-button elementor-button-link elementor-size-sm elementor-animation-shrink\" href=\"https:\/\/koneheino.ngmprojektit.fi\/?page_id=20\">\n\t\t\t\t\t\t<span class=\"elementor-button-content-wrapper\">\n\t\t\t\t\t\t\t\t\t<span class=\"elementor-button-text\">Tutustu hydrauliikkatarvikkeisiin<\/span>\n\t\t\t\t\t<\/span>\n\t\t\t\t\t<\/a>\n\t\t\t\t\t\t\t\t<\/div>\n\t\t\t\t\t<\/div>\n\t\t<\/div>\n\t\t\t\t\t<\/div>\n\t\t<\/section>\n\t\t\t\t\t<\/div>\n\t\t<\/div>\n\t\t\t\t\t<\/div>\n\t\t<\/section>\n\t\t\t\t<section class=\"elementor-section elementor-top-section elementor-element elementor-element-9695b15 elementor-section-boxed elementor-section-height-default elementor-section-height-default\" data-id=\"9695b15\" data-element_type=\"section\" data-e-type=\"section\">\n\t\t\t\t\t\t<div class=\"elementor-container elementor-column-gap-default\">\n\t\t\t\t\t<div class=\"elementor-column elementor-col-50 elementor-top-column elementor-element elementor-element-7a6e91f\" data-id=\"7a6e91f\" data-element_type=\"column\" data-e-type=\"column\" data-settings=\"{&quot;background_background&quot;:&quot;classic&quot;}\">\n\t\t\t<div class=\"elementor-widget-wrap elementor-element-populated\">\n\t\t\t\t\t\t<div class=\"elementor-element elementor-element-6f6774b elementor-widget elementor-widget-spacer\" data-id=\"6f6774b\" data-element_type=\"widget\" data-e-type=\"widget\" data-widget_type=\"spacer.default\">\n\t\t\t\t\t\t\t<div class=\"elementor-spacer\">\n\t\t\t<div class=\"elementor-spacer-inner\"><\/div>\n\t\t<\/div>\n\t\t\t\t\t\t<\/div>\n\t\t\t\t\t<\/div>\n\t\t<\/div>\n\t\t\t\t<div class=\"elementor-column elementor-col-50 elementor-top-column elementor-element elementor-element-47c97d1\" data-id=\"47c97d1\" data-element_type=\"column\" data-e-type=\"column\">\n\t\t\t<div class=\"elementor-widget-wrap elementor-element-populated\">\n\t\t\t\t\t\t<div class=\"elementor-element elementor-element-dca2955 elementor-widget elementor-widget-heading\" data-id=\"dca2955\" data-element_type=\"widget\" data-e-type=\"widget\" data-widget_type=\"heading.default\">\n\t\t\t\t\t<h3 class=\"elementor-heading-title elementor-size-default\">Se mit\u00e4 ei l\u00f6ydy, se tilataan!<\/h3>\t\t\t\t<\/div>\n\t\t\t\t<div class=\"elementor-element elementor-element-b85888e elementor-widget elementor-widget-heading\" data-id=\"b85888e\" data-element_type=\"widget\" data-e-type=\"widget\" data-widget_type=\"heading.default\">\n\t\t\t\t\t<h2 class=\"elementor-heading-title elementor-size-default\">Auto- ja maatalouskonehuollot sek\u00e4 myymme tarvikkeita ja varaosia<\/h2>\t\t\t\t<\/div>\n\t\t\t\t<div class=\"elementor-element elementor-element-977841a elementor-widget elementor-widget-text-editor\" data-id=\"977841a\" data-element_type=\"widget\" data-e-type=\"widget\" data-widget_type=\"text-editor.default\">\n\t\t\t\t\t\t\t\t\t<p>Yrityksemme historia ulottuu vuoteen 1970, jolloin Heikki Heino aloitti kiert\u00e4v\u00e4n\u00e4 MF sopimushuoltajana huoltoautolla. Kone-Heino Oy perustettin vuonna 1993.<\/p><p>Sysm\u00e4n Vuoden Yritt\u00e4jiksi meid\u00e4t valittiin vuonna 2006.<\/p><p>Kone-Heino Oy kuuluu Fixus-ketjuun, olemme kahdeksan henke\u00e4 ty\u00f6llist\u00e4v\u00e4<br \/>monipuolinen korjaamo- ja varaosayritys Sysm\u00e4ss\u00e4. Teemme auto- ja maatalouskonehuollot ja renkaanvaihdot joustavasti ja ammattitaidolla.<\/p><p>Meilt\u00e4 my\u00f6s ajoneuvoilmastointihuollot sek\u00e4 hydrauliikkaty\u00f6t. Myymme autoja, traktoreita, maatalouskoneita sek\u00e4 varaosia ja renkaita. Kone-Heino toimii merkkihuoltona Valtran, Sampo Rosenlewin ja Avantin maatalouskoneille.<\/p>\t\t\t\t\t\t\t\t<\/div>\n\t\t\t\t\t<\/div>\n\t\t<\/div>\n\t\t\t\t\t<\/div>\n\t\t<\/section>\n\t\t\t\t<section class=\"elementor-section elementor-top-section elementor-element elementor-element-dacbdb5 elementor-section-boxed elementor-section-height-default elementor-section-height-default\" data-id=\"dacbdb5\" data-element_type=\"section\" data-e-type=\"section\" data-settings=\"{&quot;background_background&quot;:&quot;classic&quot;}\">\n\t\t\t\t\t\t\t<div class=\"elementor-background-overlay\"><\/div>\n\t\t\t\t\t\t\t<div class=\"elementor-container elementor-column-gap-default\">\n\t\t\t\t\t<div class=\"elementor-column elementor-col-100 elementor-top-column elementor-element elementor-element-c199f0e\" data-id=\"c199f0e\" data-element_type=\"column\" data-e-type=\"column\">\n\t\t\t<div class=\"elementor-widget-wrap elementor-element-populated\">\n\t\t\t\t\t\t<div class=\"elementor-element elementor-element-d4bdcfe elementor-widget elementor-widget-heading\" data-id=\"d4bdcfe\" data-element_type=\"widget\" data-e-type=\"widget\" data-widget_type=\"heading.default\">\n\t\t\t\t\t<h1 class=\"elementor-heading-title elementor-size-default\">Ota meihin yhteytt\u00e4 tai pyyd\u00e4 tarjous<\/h1>\t\t\t\t<\/div>\n\t\t\t\t<div class=\"elementor-element elementor-element-69fabc8 elementor-button-align-stretch elementor-widget elementor-widget-form\" data-id=\"69fabc8\" data-element_type=\"widget\" data-e-type=\"widget\" data-settings=\"{&quot;step_next_label&quot;:&quot;Next&quot;,&quot;step_previous_label&quot;:&quot;Previous&quot;,&quot;button_width&quot;:&quot;100&quot;,&quot;step_type&quot;:&quot;number_text&quot;,&quot;step_icon_shape&quot;:&quot;circle&quot;}\" data-widget_type=\"form.default\">\n\t\t\t\t\t\t\t<form class=\"elementor-form\" method=\"post\" name=\"New Form\" aria-label=\"New Form\">\n\t\t\t<input type=\"hidden\" name=\"post_id\" value=\"12\"\/>\n\t\t\t<input type=\"hidden\" name=\"form_id\" value=\"69fabc8\"\/>\n\t\t\t<input type=\"hidden\" name=\"referer_title\" value=\"\" \/>\n\n\t\t\t\t\t\t\t<input type=\"hidden\" name=\"queried_id\" value=\"12\"\/>\n\t\t\t\n\t\t\t<div class=\"elementor-form-fields-wrapper elementor-labels-above\">\n\t\t\t\t\t\t\t\t<div class=\"elementor-field-type-text elementor-field-group elementor-column elementor-field-group-name elementor-col-100\">\n\t\t\t\t\t\t\t\t\t\t\t\t<label for=\"form-field-name\" class=\"elementor-field-label\">\n\t\t\t\t\t\t\t\tNimi\t\t\t\t\t\t\t<\/label>\n\t\t\t\t\t\t\t\t\t\t\t\t\t\t<input size=\"1\" type=\"text\" name=\"form_fields[name]\" id=\"form-field-name\" class=\"elementor-field elementor-size-sm  elementor-field-textual\" placeholder=\"Nimi\">\n\t\t\t\t\t\t\t\t\t\t\t<\/div>\n\t\t\t\t\t\t\t\t<div class=\"elementor-field-type-email elementor-field-group elementor-column elementor-field-group-email elementor-col-50 elementor-field-required\">\n\t\t\t\t\t\t\t\t\t\t\t\t<label for=\"form-field-email\" class=\"elementor-field-label\">\n\t\t\t\t\t\t\t\tS\u00e4hk\u00f6posti\t\t\t\t\t\t\t<\/label>\n\t\t\t\t\t\t\t\t\t\t\t\t\t\t<input size=\"1\" type=\"email\" name=\"form_fields[email]\" id=\"form-field-email\" class=\"elementor-field elementor-size-sm  elementor-field-textual\" placeholder=\"S\u00e4hk\u00f6posti\" required=\"required\">\n\t\t\t\t\t\t\t\t\t\t\t<\/div>\n\t\t\t\t\t\t\t\t<div class=\"elementor-field-type-tel elementor-field-group elementor-column elementor-field-group-field_9425ccb elementor-col-50\">\n\t\t\t\t\t\t\t\t\t\t\t\t<label for=\"form-field-field_9425ccb\" class=\"elementor-field-label\">\n\t\t\t\t\t\t\t\tPuhelinnumero\t\t\t\t\t\t\t<\/label>\n\t\t\t\t\t\t\t\t<input size=\"1\" type=\"tel\" name=\"form_fields[field_9425ccb]\" id=\"form-field-field_9425ccb\" class=\"elementor-field elementor-size-sm  elementor-field-textual\" placeholder=\"Puhelinnumero\" pattern=\"[0-9()#&amp;+*-=.]+\" title=\"Only numbers and phone characters (#, -, *, etc) are accepted.\">\n\n\t\t\t\t\t\t<\/div>\n\t\t\t\t\t\t\t\t<div class=\"elementor-field-type-radio elementor-field-group elementor-column elementor-field-group-field_5b83a33 elementor-col-100\">\n\t\t\t\t\t\t\t\t\t\t\t\t<label for=\"form-field-field_5b83a33\" class=\"elementor-field-label\">\n\t\t\t\t\t\t\t\tYhteydenottoni koskee...\t\t\t\t\t\t\t<\/label>\n\t\t\t\t\t\t<div class=\"elementor-field-subgroup  elementor-subgroup-inline\"><span class=\"elementor-field-option\"><input type=\"radio\" value=\"Autohuolto\" id=\"form-field-field_5b83a33-0\" name=\"form_fields[field_5b83a33]\"> <label for=\"form-field-field_5b83a33-0\">Autohuolto<\/label><\/span><span class=\"elementor-field-option\"><input type=\"radio\" value=\"Traktorihuolto\" id=\"form-field-field_5b83a33-1\" name=\"form_fields[field_5b83a33]\"> <label for=\"form-field-field_5b83a33-1\">Traktorihuolto<\/label><\/span><span class=\"elementor-field-option\"><input type=\"radio\" value=\"Maatalouskoneiden huolto\" id=\"form-field-field_5b83a33-2\" name=\"form_fields[field_5b83a33]\"> <label for=\"form-field-field_5b83a33-2\">Maatalouskoneiden huolto<\/label><\/span><span class=\"elementor-field-option\"><input type=\"radio\" value=\"Pienkoneiden huolto Varaosat\" id=\"form-field-field_5b83a33-3\" name=\"form_fields[field_5b83a33]\"> <label for=\"form-field-field_5b83a33-3\">Pienkoneiden huolto Varaosat<\/label><\/span><\/div>\t\t\t\t<\/div>\n\t\t\t\t\t\t\t\t<div class=\"elementor-field-type-textarea elementor-field-group elementor-column elementor-field-group-message elementor-col-100\">\n\t\t\t\t\t\t\t\t\t\t\t\t<label for=\"form-field-message\" class=\"elementor-field-label\">\n\t\t\t\t\t\t\t\tViesti\t\t\t\t\t\t\t<\/label>\n\t\t\t\t\t\t<textarea class=\"elementor-field-textual elementor-field  elementor-size-sm\" name=\"form_fields[message]\" id=\"form-field-message\" rows=\"3\" placeholder=\"Viesti\"><\/textarea>\t\t\t\t<\/div>\n\t\t\t\t\t\t\t\t<div class=\"elementor-field-group elementor-column elementor-field-type-submit elementor-col-100 e-form__buttons\">\n\t\t\t\t\t<button class=\"elementor-button elementor-size-sm\" type=\"submit\">\n\t\t\t\t\t\t<span class=\"elementor-button-content-wrapper\">\n\t\t\t\t\t\t\t\t\t\t\t\t\t\t\t\t\t\t\t\t\t\t<span class=\"elementor-button-text\">L\u00e4het\u00e4<\/span>\n\t\t\t\t\t\t\t\t\t\t\t\t\t<\/span>\n\t\t\t\t\t<\/button>\n\t\t\t\t<\/div>\n\t\t\t<\/div>\n\t\t<\/form>\n\t\t\t\t\t\t<\/div>\n\t\t\t\t\t<\/div>\n\t\t<\/div>\n\t\t\t\t\t<\/div>\n\t\t<\/section>\n\t\t\t\t<\/div>\n\t\t","protected":false},"excerpt":{"rendered":"<p>Auto- ja maatalouskonekorjaamo sek\u00e4 varaosamyynti Teemme auto- ja maatalouskonehuollot ja renkaanvaihdot joustavasti ja ammattitaidolla Kone-Heino Oy kuuluu Fixus-ketjuun, olemme kahdeksan henke\u00e4 ty\u00f6llist\u00e4v\u00e4monipuolinen korjaamo- ja varaosayritys Sysm\u00e4ss\u00e4. Tutustu huoltopalveluihin Pyyd\u00e4 tarjous T\u00e4t\u00e4 me tarjoamme Huoltopalvelut Tutustu huoltopalveluihin Tuotteet ja varaosat Tutustu tuotteisiin ja varaosiin Hydrauliikkatarvikkeet Tutustu hydrauliikkatarvikkeisiin Se mit\u00e4 ei l\u00f6ydy, se tilataan! Auto- ja maatalouskonehuollot [&hellip;]<\/p>\n","protected":false},"author":1,"featured_media":0,"parent":0,"menu_order":0,"comment_status":"closed","ping_status":"closed","template":"elementor_header_footer","meta":{"footnotes":""},"class_list":["post-12","page","type-page","status-publish","hentry"],"_links":{"self":[{"href":"https:\/\/koneheino.ngmprojektit.fi\/wp-json\/wp\/v2\/pages\/12","targetHints":{"allow":["GET"]}}],"collection":[{"href":"https:\/\/koneheino.ngmprojektit.fi\/wp-json\/wp\/v2\/pages"}],"about":[{"href":"https:\/\/koneheino.ngmprojektit.fi\/wp-json\/wp\/v2\/types\/page"}],"author":[{"embeddable":true,"href":"https:\/\/koneheino.ngmprojektit.fi\/wp-json\/wp\/v2\/users\/1"}],"replies":[{"embeddable":true,"href":"https:\/\/koneheino.ngmprojektit.fi\/wp-json\/wp\/v2\/comments?post=12"}],"version-history":[{"count":70,"href":"https:\/\/koneheino.ngmprojektit.fi\/wp-json\/wp\/v2\/pages\/12\/revisions"}],"predecessor-version":[{"id":138,"href":"https:\/\/koneheino.ngmprojektit.fi\/wp-json\/wp\/v2\/pages\/12\/revisions\/138"}],"wp:attachment":[{"href":"https:\/\/koneheino.ngmprojektit.fi\/wp-json\/wp\/v2\/media?parent=12"}],"curies":[{"name":"wp","href":"https:\/\/api.w.org\/{rel}","templated":true}]}}