{"id":16,"date":"2026-04-22T10:36:59","date_gmt":"2026-04-22T10:36:59","guid":{"rendered":"https:\/\/koneheino.ngmprojektit.fi\/?page_id=16"},"modified":"2026-04-22T13:24:08","modified_gmt":"2026-04-22T13:24:08","slug":"huoltopalvelut","status":"publish","type":"page","link":"https:\/\/koneheino.ngmprojektit.fi\/huoltopalvelut\/","title":{"rendered":"Huoltopalvelut"},"content":{"rendered":"\t\t<div data-elementor-type=\"wp-page\" data-elementor-id=\"16\" class=\"elementor elementor-16\" data-elementor-post-type=\"page\">\n\t\t\t\t\t\t<section class=\"elementor-section elementor-top-section elementor-element elementor-element-21a9c1a elementor-section-boxed elementor-section-height-default elementor-section-height-default\" data-id=\"21a9c1a\" data-element_type=\"section\" data-e-type=\"section\" data-settings=\"{&quot;background_background&quot;:&quot;classic&quot;,&quot;background_motion_fx_motion_fx_scrolling&quot;:&quot;yes&quot;,&quot;background_motion_fx_scale_effect&quot;:&quot;yes&quot;,&quot;background_motion_fx_scale_direction&quot;:&quot;out-in&quot;,&quot;background_motion_fx_scale_speed&quot;:{&quot;unit&quot;:&quot;px&quot;,&quot;size&quot;:4,&quot;sizes&quot;:[]},&quot;background_motion_fx_scale_range&quot;:{&quot;unit&quot;:&quot;%&quot;,&quot;size&quot;:&quot;&quot;,&quot;sizes&quot;:{&quot;start&quot;:20,&quot;end&quot;:80}},&quot;background_motion_fx_devices&quot;:[&quot;desktop&quot;,&quot;tablet&quot;,&quot;mobile&quot;]}\">\n\t\t\t\t\t\t\t<div class=\"elementor-background-overlay\"><\/div>\n\t\t\t\t\t\t\t<div class=\"elementor-container elementor-column-gap-default\">\n\t\t\t\t\t<div class=\"elementor-column elementor-col-100 elementor-top-column elementor-element elementor-element-e00454d\" data-id=\"e00454d\" data-element_type=\"column\" data-e-type=\"column\">\n\t\t\t<div class=\"elementor-widget-wrap elementor-element-populated\">\n\t\t\t\t\t\t<div class=\"elementor-element elementor-element-64bcb33 elementor-widget elementor-widget-heading\" data-id=\"64bcb33\" data-element_type=\"widget\" data-e-type=\"widget\" data-widget_type=\"heading.default\">\n\t\t\t\t\t<h2 class=\"elementor-heading-title elementor-size-default\">Huoltopalvelut \u2013 Pienkone huollot<\/h2>\t\t\t\t<\/div>\n\t\t\t\t<div class=\"elementor-element elementor-element-ad40303 elementor-widget elementor-widget-heading\" data-id=\"ad40303\" data-element_type=\"widget\" data-e-type=\"widget\" data-widget_type=\"heading.default\">\n\t\t\t\t\t<h1 class=\"elementor-heading-title elementor-size-default\">Teemme auto- ja maatalouskonehuollot <br>ja renkaanvaihdot joustavasti ja<br> ammattitaidolla<\/h1>\t\t\t\t<\/div>\n\t\t\t\t\t<\/div>\n\t\t<\/div>\n\t\t\t\t\t<\/div>\n\t\t<\/section>\n\t\t\t\t<section class=\"elementor-section elementor-top-section elementor-element elementor-element-4d199cb elementor-section-boxed elementor-section-height-default elementor-section-height-default\" data-id=\"4d199cb\" data-element_type=\"section\" data-e-type=\"section\" id=\"auto\">\n\t\t\t\t\t\t<div class=\"elementor-container elementor-column-gap-default\">\n\t\t\t\t\t<div class=\"elementor-column elementor-col-50 elementor-top-column elementor-element elementor-element-94b907f\" data-id=\"94b907f\" data-element_type=\"column\" data-e-type=\"column\" data-settings=\"{&quot;background_background&quot;:&quot;classic&quot;}\">\n\t\t\t<div class=\"elementor-widget-wrap elementor-element-populated\">\n\t\t\t\t\t\t<div class=\"elementor-element elementor-element-3e7ad82 elementor-widget elementor-widget-spacer\" data-id=\"3e7ad82\" data-element_type=\"widget\" data-e-type=\"widget\" data-widget_type=\"spacer.default\">\n\t\t\t\t\t\t\t<div class=\"elementor-spacer\">\n\t\t\t<div class=\"elementor-spacer-inner\"><\/div>\n\t\t<\/div>\n\t\t\t\t\t\t<\/div>\n\t\t\t\t\t<\/div>\n\t\t<\/div>\n\t\t\t\t<div class=\"elementor-column elementor-col-50 elementor-top-column elementor-element elementor-element-30b704e\" data-id=\"30b704e\" data-element_type=\"column\" data-e-type=\"column\">\n\t\t\t<div class=\"elementor-widget-wrap elementor-element-populated\">\n\t\t\t\t\t\t<div class=\"elementor-element elementor-element-4ee3743 elementor-widget elementor-widget-heading\" data-id=\"4ee3743\" data-element_type=\"widget\" data-e-type=\"widget\" data-widget_type=\"heading.default\">\n\t\t\t\t\t<h3 class=\"elementor-heading-title elementor-size-default\">Se mit\u00e4 ei l\u00f6ydy, se tilataan!<\/h3>\t\t\t\t<\/div>\n\t\t\t\t<div class=\"elementor-element elementor-element-511b5a5 elementor-widget elementor-widget-heading\" data-id=\"511b5a5\" data-element_type=\"widget\" data-e-type=\"widget\" data-widget_type=\"heading.default\">\n\t\t\t\t\t<h2 class=\"elementor-heading-title elementor-size-default\">Autohuolto<\/h2>\t\t\t\t<\/div>\n\t\t\t\t<div class=\"elementor-element elementor-element-7b9c20f elementor-widget elementor-widget-text-editor\" data-id=\"7b9c20f\" data-element_type=\"widget\" data-e-type=\"widget\" data-widget_type=\"text-editor.default\">\n\t\t\t\t\t\t\t\t\t<p>Yrityksemme historia ulottuu vuoteen 1970, jolloin Heikki Heino aloitti kiert\u00e4v\u00e4n\u00e4 MF sopimushuoltajana huoltoautolla. Kone-Heino Oy perustettin vuonna 1993.<\/p><p>Sysm\u00e4n Vuoden Yritt\u00e4jiksi meid\u00e4t valittiin vuonna 2006.<\/p><p>Kone-Heino Oy kuuluu Fixus-ketjuun, olemme kahdeksan henke\u00e4 ty\u00f6llist\u00e4v\u00e4<br \/>monipuolinen korjaamo- ja varaosayritys Sysm\u00e4ss\u00e4. Teemme auto- ja maatalouskonehuollot ja renkaanvaihdot joustavasti ja ammattitaidolla.<\/p><p>Meilt\u00e4 my\u00f6s ajoneuvoilmastointihuollot sek\u00e4 hydrauliikkaty\u00f6t. Myymme autoja, traktoreita, maatalouskoneita sek\u00e4 varaosia ja renkaita. Kone-Heino toimii merkkihuoltona Valtran, Sampo Rosenlewin ja Avantin maatalouskoneille.<\/p>\t\t\t\t\t\t\t\t<\/div>\n\t\t\t\t\t<\/div>\n\t\t<\/div>\n\t\t\t\t\t<\/div>\n\t\t<\/section>\n\t\t\t\t<section class=\"elementor-section elementor-top-section elementor-element elementor-element-2e3679a elementor-section-boxed elementor-section-height-default elementor-section-height-default\" data-id=\"2e3679a\" data-element_type=\"section\" data-e-type=\"section\" id=\"traktori\" data-settings=\"{&quot;background_background&quot;:&quot;classic&quot;}\">\n\t\t\t\t\t\t<div class=\"elementor-container elementor-column-gap-default\">\n\t\t\t\t\t<div class=\"elementor-column elementor-col-50 elementor-top-column elementor-element elementor-element-5db33c2\" data-id=\"5db33c2\" data-element_type=\"column\" data-e-type=\"column\">\n\t\t\t<div class=\"elementor-widget-wrap elementor-element-populated\">\n\t\t\t\t\t\t<div class=\"elementor-element elementor-element-5c7f156 elementor-widget elementor-widget-heading\" data-id=\"5c7f156\" data-element_type=\"widget\" data-e-type=\"widget\" data-widget_type=\"heading.default\">\n\t\t\t\t\t<h3 class=\"elementor-heading-title elementor-size-default\">Se mit\u00e4 ei l\u00f6ydy, se tilataan!<\/h3>\t\t\t\t<\/div>\n\t\t\t\t<div class=\"elementor-element elementor-element-d606f3a elementor-widget elementor-widget-heading\" data-id=\"d606f3a\" data-element_type=\"widget\" data-e-type=\"widget\" data-widget_type=\"heading.default\">\n\t\t\t\t\t<h2 class=\"elementor-heading-title elementor-size-default\">Traktorihuolto<\/h2>\t\t\t\t<\/div>\n\t\t\t\t<div class=\"elementor-element elementor-element-25d7c1c elementor-widget elementor-widget-text-editor\" data-id=\"25d7c1c\" data-element_type=\"widget\" data-e-type=\"widget\" data-widget_type=\"text-editor.default\">\n\t\t\t\t\t\t\t\t\t<p>Yrityksemme historia ulottuu vuoteen 1970, jolloin Heikki Heino aloitti kiert\u00e4v\u00e4n\u00e4 MF sopimushuoltajana huoltoautolla. Kone-Heino Oy perustettin vuonna 1993.<\/p><p>Sysm\u00e4n Vuoden Yritt\u00e4jiksi meid\u00e4t valittiin vuonna 2006.<\/p><p>Kone-Heino Oy kuuluu Fixus-ketjuun, olemme kahdeksan henke\u00e4 ty\u00f6llist\u00e4v\u00e4<br \/>monipuolinen korjaamo- ja varaosayritys Sysm\u00e4ss\u00e4. Teemme auto- ja maatalouskonehuollot ja renkaanvaihdot joustavasti ja ammattitaidolla.<\/p><p>Meilt\u00e4 my\u00f6s ajoneuvoilmastointihuollot sek\u00e4 hydrauliikkaty\u00f6t. Myymme autoja, traktoreita, maatalouskoneita sek\u00e4 varaosia ja renkaita. Kone-Heino toimii merkkihuoltona Valtran, Sampo Rosenlewin ja Avantin maatalouskoneille.<\/p>\t\t\t\t\t\t\t\t<\/div>\n\t\t\t\t\t<\/div>\n\t\t<\/div>\n\t\t\t\t<div class=\"elementor-column elementor-col-50 elementor-top-column elementor-element elementor-element-b9d3d74\" data-id=\"b9d3d74\" data-element_type=\"column\" data-e-type=\"column\" data-settings=\"{&quot;background_background&quot;:&quot;classic&quot;}\">\n\t\t\t<div class=\"elementor-widget-wrap elementor-element-populated\">\n\t\t\t\t\t\t<div class=\"elementor-element elementor-element-f9fc8bc elementor-widget elementor-widget-spacer\" data-id=\"f9fc8bc\" data-element_type=\"widget\" data-e-type=\"widget\" data-widget_type=\"spacer.default\">\n\t\t\t\t\t\t\t<div class=\"elementor-spacer\">\n\t\t\t<div class=\"elementor-spacer-inner\"><\/div>\n\t\t<\/div>\n\t\t\t\t\t\t<\/div>\n\t\t\t\t\t<\/div>\n\t\t<\/div>\n\t\t\t\t\t<\/div>\n\t\t<\/section>\n\t\t\t\t<section class=\"elementor-section elementor-top-section elementor-element elementor-element-f90a4a3 elementor-section-boxed elementor-section-height-default elementor-section-height-default\" data-id=\"f90a4a3\" data-element_type=\"section\" data-e-type=\"section\" id=\"maatalous\">\n\t\t\t\t\t\t<div class=\"elementor-container elementor-column-gap-default\">\n\t\t\t\t\t<div class=\"elementor-column elementor-col-50 elementor-top-column elementor-element elementor-element-588c911\" data-id=\"588c911\" data-element_type=\"column\" data-e-type=\"column\" data-settings=\"{&quot;background_background&quot;:&quot;classic&quot;}\">\n\t\t\t<div class=\"elementor-widget-wrap elementor-element-populated\">\n\t\t\t\t\t\t<div class=\"elementor-element elementor-element-ec98352 elementor-widget elementor-widget-spacer\" data-id=\"ec98352\" data-element_type=\"widget\" data-e-type=\"widget\" data-widget_type=\"spacer.default\">\n\t\t\t\t\t\t\t<div class=\"elementor-spacer\">\n\t\t\t<div class=\"elementor-spacer-inner\"><\/div>\n\t\t<\/div>\n\t\t\t\t\t\t<\/div>\n\t\t\t\t\t<\/div>\n\t\t<\/div>\n\t\t\t\t<div class=\"elementor-column elementor-col-50 elementor-top-column elementor-element elementor-element-15b7930\" data-id=\"15b7930\" data-element_type=\"column\" data-e-type=\"column\">\n\t\t\t<div class=\"elementor-widget-wrap elementor-element-populated\">\n\t\t\t\t\t\t<div class=\"elementor-element elementor-element-fa5eeb6 elementor-widget elementor-widget-heading\" data-id=\"fa5eeb6\" data-element_type=\"widget\" data-e-type=\"widget\" data-widget_type=\"heading.default\">\n\t\t\t\t\t<h3 class=\"elementor-heading-title elementor-size-default\">Se mit\u00e4 ei l\u00f6ydy, se tilataan!<\/h3>\t\t\t\t<\/div>\n\t\t\t\t<div class=\"elementor-element elementor-element-9ad3866 elementor-widget elementor-widget-heading\" data-id=\"9ad3866\" data-element_type=\"widget\" data-e-type=\"widget\" data-widget_type=\"heading.default\">\n\t\t\t\t\t<h2 class=\"elementor-heading-title elementor-size-default\">Maatalouskoneiden huolto<\/h2>\t\t\t\t<\/div>\n\t\t\t\t<div class=\"elementor-element elementor-element-7e63d1b elementor-widget elementor-widget-text-editor\" data-id=\"7e63d1b\" data-element_type=\"widget\" data-e-type=\"widget\" data-widget_type=\"text-editor.default\">\n\t\t\t\t\t\t\t\t\t<p>Yrityksemme historia ulottuu vuoteen 1970, jolloin Heikki Heino aloitti kiert\u00e4v\u00e4n\u00e4 MF sopimushuoltajana huoltoautolla. Kone-Heino Oy perustettin vuonna 1993.<\/p><p>Sysm\u00e4n Vuoden Yritt\u00e4jiksi meid\u00e4t valittiin vuonna 2006.<\/p><p>Kone-Heino Oy kuuluu Fixus-ketjuun, olemme kahdeksan henke\u00e4 ty\u00f6llist\u00e4v\u00e4<br \/>monipuolinen korjaamo- ja varaosayritys Sysm\u00e4ss\u00e4. Teemme auto- ja maatalouskonehuollot ja renkaanvaihdot joustavasti ja ammattitaidolla.<\/p><p>Meilt\u00e4 my\u00f6s ajoneuvoilmastointihuollot sek\u00e4 hydrauliikkaty\u00f6t. Myymme autoja, traktoreita, maatalouskoneita sek\u00e4 varaosia ja renkaita. Kone-Heino toimii merkkihuoltona Valtran, Sampo Rosenlewin ja Avantin maatalouskoneille.<\/p>\t\t\t\t\t\t\t\t<\/div>\n\t\t\t\t\t<\/div>\n\t\t<\/div>\n\t\t\t\t\t<\/div>\n\t\t<\/section>\n\t\t\t\t<section class=\"elementor-section elementor-top-section elementor-element elementor-element-dab2829 elementor-section-boxed elementor-section-height-default elementor-section-height-default\" data-id=\"dab2829\" data-element_type=\"section\" data-e-type=\"section\" data-settings=\"{&quot;background_background&quot;:&quot;classic&quot;}\">\n\t\t\t\t\t\t\t<div class=\"elementor-background-overlay\"><\/div>\n\t\t\t\t\t\t\t<div class=\"elementor-container elementor-column-gap-default\">\n\t\t\t\t\t<div class=\"elementor-column elementor-col-100 elementor-top-column elementor-element elementor-element-23c5749\" data-id=\"23c5749\" data-element_type=\"column\" data-e-type=\"column\">\n\t\t\t<div class=\"elementor-widget-wrap elementor-element-populated\">\n\t\t\t\t\t\t<div class=\"elementor-element elementor-element-1202318 elementor-widget elementor-widget-heading\" data-id=\"1202318\" data-element_type=\"widget\" data-e-type=\"widget\" data-widget_type=\"heading.default\">\n\t\t\t\t\t<h1 class=\"elementor-heading-title elementor-size-default\">Ota meihin yhteytt\u00e4 tai pyyd\u00e4 tarjous<\/h1>\t\t\t\t<\/div>\n\t\t\t\t<div class=\"elementor-element elementor-element-2cd5ddd elementor-widget elementor-widget-text-editor\" data-id=\"2cd5ddd\" data-element_type=\"widget\" data-e-type=\"widget\" data-widget_type=\"text-editor.default\">\n\t\t\t\t\t\t\t\t\t<p>Ota meihin yhteytt\u00e4, vastaamme muutaman arkip\u00e4iv\u00e4n kuluessa.<\/p>\t\t\t\t\t\t\t\t<\/div>\n\t\t\t\t<div class=\"elementor-element elementor-element-78aaf95 elementor-align-center elementor-widget elementor-widget-button\" data-id=\"78aaf95\" data-element_type=\"widget\" data-e-type=\"widget\" data-widget_type=\"button.default\">\n\t\t\t\t\t\t\t\t\t\t<a class=\"elementor-button elementor-button-link elementor-size-sm elementor-animation-shrink\" href=\"https:\/\/koneheino.ngmprojektit.fi\/?page_id=22\">\n\t\t\t\t\t\t<span class=\"elementor-button-content-wrapper\">\n\t\t\t\t\t\t\t\t\t<span class=\"elementor-button-text\">Ota yhteytt\u00e4<\/span>\n\t\t\t\t\t<\/span>\n\t\t\t\t\t<\/a>\n\t\t\t\t\t\t\t\t<\/div>\n\t\t\t\t\t<\/div>\n\t\t<\/div>\n\t\t\t\t\t<\/div>\n\t\t<\/section>\n\t\t\t\t<\/div>\n\t\t","protected":false},"excerpt":{"rendered":"<p>Huoltopalvelut \u2013 Pienkone huollot Teemme auto- ja maatalouskonehuollot ja renkaanvaihdot joustavasti ja ammattitaidolla Se mit\u00e4 ei l\u00f6ydy, se tilataan! Autohuolto Yrityksemme historia ulottuu vuoteen 1970, jolloin Heikki Heino aloitti kiert\u00e4v\u00e4n\u00e4 MF sopimushuoltajana huoltoautolla. Kone-Heino Oy perustettin vuonna 1993. Sysm\u00e4n Vuoden Yritt\u00e4jiksi meid\u00e4t valittiin vuonna 2006. Kone-Heino Oy kuuluu Fixus-ketjuun, olemme kahdeksan henke\u00e4 ty\u00f6llist\u00e4v\u00e4monipuolinen korjaamo- ja [&hellip;]<\/p>\n","protected":false},"author":1,"featured_media":0,"parent":0,"menu_order":0,"comment_status":"closed","ping_status":"closed","template":"elementor_header_footer","meta":{"footnotes":""},"class_list":["post-16","page","type-page","status-publish","hentry"],"_links":{"self":[{"href":"https:\/\/koneheino.ngmprojektit.fi\/wp-json\/wp\/v2\/pages\/16","targetHints":{"allow":["GET"]}}],"collection":[{"href":"https:\/\/koneheino.ngmprojektit.fi\/wp-json\/wp\/v2\/pages"}],"about":[{"href":"https:\/\/koneheino.ngmprojektit.fi\/wp-json\/wp\/v2\/types\/page"}],"author":[{"embeddable":true,"href":"https:\/\/koneheino.ngmprojektit.fi\/wp-json\/wp\/v2\/users\/1"}],"replies":[{"embeddable":true,"href":"https:\/\/koneheino.ngmprojektit.fi\/wp-json\/wp\/v2\/comments?post=16"}],"version-history":[{"count":25,"href":"https:\/\/koneheino.ngmprojektit.fi\/wp-json\/wp\/v2\/pages\/16\/revisions"}],"predecessor-version":[{"id":168,"href":"https:\/\/koneheino.ngmprojektit.fi\/wp-json\/wp\/v2\/pages\/16\/revisions\/168"}],"wp:attachment":[{"href":"https:\/\/koneheino.ngmprojektit.fi\/wp-json\/wp\/v2\/media?parent=16"}],"curies":[{"name":"wp","href":"https:\/\/api.w.org\/{rel}","templated":true}]}}