{"id":18,"date":"2026-04-22T10:37:15","date_gmt":"2026-04-22T10:37:15","guid":{"rendered":"https:\/\/koneheino.ngmprojektit.fi\/?page_id=18"},"modified":"2026-04-22T13:07:45","modified_gmt":"2026-04-22T13:07:45","slug":"tuotteet-ja-varaosat","status":"publish","type":"page","link":"https:\/\/koneheino.ngmprojektit.fi\/tuotteet-ja-varaosat\/","title":{"rendered":"Tuotteet ja varaosat"},"content":{"rendered":"\t\t<div data-elementor-type=\"wp-page\" data-elementor-id=\"18\" class=\"elementor elementor-18\" data-elementor-post-type=\"page\">\n\t\t\t\t\t\t<section class=\"elementor-section elementor-top-section elementor-element elementor-element-968a477 elementor-section-boxed elementor-section-height-default elementor-section-height-default\" data-id=\"968a477\" data-element_type=\"section\" data-e-type=\"section\" data-settings=\"{&quot;background_background&quot;:&quot;classic&quot;,&quot;background_motion_fx_motion_fx_scrolling&quot;:&quot;yes&quot;,&quot;background_motion_fx_scale_effect&quot;:&quot;yes&quot;,&quot;background_motion_fx_scale_direction&quot;:&quot;out-in&quot;,&quot;background_motion_fx_scale_speed&quot;:{&quot;unit&quot;:&quot;px&quot;,&quot;size&quot;:4,&quot;sizes&quot;:[]},&quot;background_motion_fx_scale_range&quot;:{&quot;unit&quot;:&quot;%&quot;,&quot;size&quot;:&quot;&quot;,&quot;sizes&quot;:{&quot;start&quot;:20,&quot;end&quot;:80}},&quot;background_motion_fx_devices&quot;:[&quot;desktop&quot;,&quot;tablet&quot;,&quot;mobile&quot;]}\">\n\t\t\t\t\t\t\t<div class=\"elementor-background-overlay\"><\/div>\n\t\t\t\t\t\t\t<div class=\"elementor-container elementor-column-gap-default\">\n\t\t\t\t\t<div class=\"elementor-column elementor-col-100 elementor-top-column elementor-element elementor-element-9f7fd09\" data-id=\"9f7fd09\" data-element_type=\"column\" data-e-type=\"column\">\n\t\t\t<div class=\"elementor-widget-wrap elementor-element-populated\">\n\t\t\t\t\t\t<div class=\"elementor-element elementor-element-19ab6de elementor-widget elementor-widget-heading\" data-id=\"19ab6de\" data-element_type=\"widget\" data-e-type=\"widget\" data-widget_type=\"heading.default\">\n\t\t\t\t\t<h2 class=\"elementor-heading-title elementor-size-default\">Tuotteet ja varaosat<\/h2>\t\t\t\t<\/div>\n\t\t\t\t<div class=\"elementor-element elementor-element-45df518 elementor-widget elementor-widget-heading\" data-id=\"45df518\" data-element_type=\"widget\" data-e-type=\"widget\" data-widget_type=\"heading.default\">\n\t\t\t\t\t<h1 class=\"elementor-heading-title elementor-size-default\">Myymme autoja, traktoreita, maatalouskoneita sek\u00e4 varaosia ja renkaita<\/h1>\t\t\t\t<\/div>\n\t\t\t\t<section class=\"elementor-section elementor-inner-section elementor-element elementor-element-2763563 elementor-section-boxed elementor-section-height-default elementor-section-height-default\" data-id=\"2763563\" data-element_type=\"section\" data-e-type=\"section\">\n\t\t\t\t\t\t<div class=\"elementor-container elementor-column-gap-default\">\n\t\t\t\t\t<div class=\"elementor-column elementor-col-50 elementor-inner-column elementor-element elementor-element-ec8d472\" data-id=\"ec8d472\" data-element_type=\"column\" data-e-type=\"column\">\n\t\t\t<div class=\"elementor-widget-wrap elementor-element-populated\">\n\t\t\t\t\t\t<div class=\"elementor-element elementor-element-1a0dae6 elementor-align-justify elementor-widget elementor-widget-button\" data-id=\"1a0dae6\" data-element_type=\"widget\" data-e-type=\"widget\" data-widget_type=\"button.default\">\n\t\t\t\t\t\t\t\t\t\t<a class=\"elementor-button elementor-button-link elementor-size-sm elementor-animation-shrink\" href=\"https:\/\/www.nettikone.com\/yritys\/kone-heino\">\n\t\t\t\t\t\t<span class=\"elementor-button-content-wrapper\">\n\t\t\t\t\t\t\t\t\t<span class=\"elementor-button-text\">Katso myyt\u00e4v\u00e4t Nettikoneesta<\/span>\n\t\t\t\t\t<\/span>\n\t\t\t\t\t<\/a>\n\t\t\t\t\t\t\t\t<\/div>\n\t\t\t\t\t<\/div>\n\t\t<\/div>\n\t\t\t\t<div class=\"elementor-column elementor-col-50 elementor-inner-column elementor-element elementor-element-08c9ee2\" data-id=\"08c9ee2\" data-element_type=\"column\" data-e-type=\"column\">\n\t\t\t<div class=\"elementor-widget-wrap elementor-element-populated\">\n\t\t\t\t\t\t<div class=\"elementor-element elementor-element-ab8d0ea elementor-align-justify elementor-widget elementor-widget-button\" data-id=\"ab8d0ea\" data-element_type=\"widget\" data-e-type=\"widget\" data-widget_type=\"button.default\">\n\t\t\t\t\t\t\t\t\t\t<a class=\"elementor-button elementor-button-link elementor-size-sm elementor-animation-shrink\" href=\"https:\/\/www.nettiauto.com\/yritys\/kone-heino\">\n\t\t\t\t\t\t<span class=\"elementor-button-content-wrapper\">\n\t\t\t\t\t\t\t\t\t<span class=\"elementor-button-text\">Katso myyt\u00e4v\u00e4t Nettiautosta<\/span>\n\t\t\t\t\t<\/span>\n\t\t\t\t\t<\/a>\n\t\t\t\t\t\t\t\t<\/div>\n\t\t\t\t\t<\/div>\n\t\t<\/div>\n\t\t\t\t\t<\/div>\n\t\t<\/section>\n\t\t\t\t\t<\/div>\n\t\t<\/div>\n\t\t\t\t\t<\/div>\n\t\t<\/section>\n\t\t\t\t<section class=\"elementor-section elementor-top-section elementor-element elementor-element-dd6acf9 elementor-section-boxed elementor-section-height-default elementor-section-height-default\" data-id=\"dd6acf9\" data-element_type=\"section\" data-e-type=\"section\">\n\t\t\t\t\t\t<div class=\"elementor-container elementor-column-gap-default\">\n\t\t\t\t\t<div class=\"elementor-column elementor-col-100 elementor-top-column elementor-element elementor-element-3b5e384\" data-id=\"3b5e384\" data-element_type=\"column\" data-e-type=\"column\">\n\t\t\t<div class=\"elementor-widget-wrap elementor-element-populated\">\n\t\t\t\t\t\t<div class=\"elementor-element elementor-element-43958c4 elementor-widget elementor-widget-heading\" data-id=\"43958c4\" data-element_type=\"widget\" data-e-type=\"widget\" data-widget_type=\"heading.default\">\n\t\t\t\t\t<h2 class=\"elementor-heading-title elementor-size-default\">Se mit\u00e4 ei l\u00f6ydy, se tilataan!<\/h2>\t\t\t\t<\/div>\n\t\t\t\t<div class=\"elementor-element elementor-element-2196448 elementor-widget elementor-widget-text-editor\" data-id=\"2196448\" data-element_type=\"widget\" data-e-type=\"widget\" data-widget_type=\"text-editor.default\">\n\t\t\t\t\t\t\t\t\t<p class=\"font_8 wixui-rich-text__text\"><span class=\"wixui-rich-text__text\">K\u00e4yt\u00e4mme autojen ja koneiden myyntikanavana\u00a0<a class=\"wixui-rich-text__text\" href=\"https:\/\/www.nettikone.com\/yritys\/kone-heino\" target=\"_blank\" rel=\"noreferrer noopener\">Nettikonetta<\/a>\u00a0ja\u00a0<a class=\"wixui-rich-text__text\" href=\"https:\/\/www.nettiauto.com\/yritys\/kone-heino\" target=\"_blank\" rel=\"noreferrer noopener\">Nettiautoa<\/a>. <\/span><span class=\"wixui-rich-text__text\">N\u00e4et myyniss\u00e4 olevat tuotteet alta.<\/span><\/p><p class=\"font_8 wixui-rich-text__text\"><span class=\"wixui-rich-text__text\">Varaosia voit tilata soittamalla\u00a0(03) 7171 560.<\/span><\/p><p class=\"font_8 wixui-rich-text__text\"><strong><span class=\"wixui-rich-text__text\">Varaosat toimitetaan Postin tai Matkahuollon kautta.<\/span><\/strong><\/p>\t\t\t\t\t\t\t\t<\/div>\n\t\t\t\t<section class=\"elementor-section elementor-inner-section elementor-element elementor-element-584f042 elementor-section-full_width elementor-section-height-default elementor-section-height-default\" data-id=\"584f042\" data-element_type=\"section\" data-e-type=\"section\">\n\t\t\t\t\t\t<div class=\"elementor-container elementor-column-gap-default\">\n\t\t\t\t\t<div class=\"elementor-column elementor-col-33 elementor-inner-column elementor-element elementor-element-884c35b\" data-id=\"884c35b\" data-element_type=\"column\" data-e-type=\"column\">\n\t\t\t<div class=\"elementor-widget-wrap elementor-element-populated\">\n\t\t\t\t\t\t<div class=\"elementor-element elementor-element-28d530a elementor-widget elementor-widget-image\" data-id=\"28d530a\" data-element_type=\"widget\" data-e-type=\"widget\" data-widget_type=\"image.default\">\n\t\t\t\t\t\t\t\t\t\t\t\t\t\t\t<img fetchpriority=\"high\" decoding=\"async\" width=\"600\" height=\"460\" src=\"https:\/\/koneheino.ngmprojektit.fi\/wp-content\/uploads\/2026\/04\/kone-heino_valilaippa_ford-2000-4000-500.avif\" class=\"attachment-large size-large wp-image-154\" alt=\"\" srcset=\"https:\/\/koneheino.ngmprojektit.fi\/wp-content\/uploads\/2026\/04\/kone-heino_valilaippa_ford-2000-4000-500.avif 600w, https:\/\/koneheino.ngmprojektit.fi\/wp-content\/uploads\/2026\/04\/kone-heino_valilaippa_ford-2000-4000-500-300x230.avif 300w\" sizes=\"(max-width: 600px) 100vw, 600px\" \/>\t\t\t\t\t\t\t\t\t\t\t\t\t\t\t<\/div>\n\t\t\t\t<div class=\"elementor-element elementor-element-384de6c elementor-widget elementor-widget-heading\" data-id=\"384de6c\" data-element_type=\"widget\" data-e-type=\"widget\" data-widget_type=\"heading.default\">\n\t\t\t\t\t<h2 class=\"elementor-heading-title elementor-size-default\">V\u00e4lilaippa Ford 2000-4000\n\n<\/h2>\t\t\t\t<\/div>\n\t\t\t\t<div class=\"elementor-element elementor-element-422901b elementor-widget elementor-widget-heading\" data-id=\"422901b\" data-element_type=\"widget\" data-e-type=\"widget\" data-widget_type=\"heading.default\">\n\t\t\t\t\t<h2 class=\"elementor-heading-title elementor-size-default\">142 \u20ac\/kpl<\/h2>\t\t\t\t<\/div>\n\t\t\t\t<div class=\"elementor-element elementor-element-79eb644 elementor-icon-list--layout-traditional elementor-list-item-link-full_width elementor-widget elementor-widget-icon-list\" data-id=\"79eb644\" data-element_type=\"widget\" data-e-type=\"widget\" data-widget_type=\"icon-list.default\">\n\t\t\t\t\t\t\t<ul class=\"elementor-icon-list-items\">\n\t\t\t\t\t\t\t<li class=\"elementor-icon-list-item\">\n\t\t\t\t\t\t\t\t\t\t<span class=\"elementor-icon-list-text\">V\u00e4lilaippa lis\u00e4hydrauliikkaa varten  Vanhemmat Fordit, esim. 2000-4000 3-sylinteriset, Fordson Dexta ja Super Major.  \u200b<\/span>\n\t\t\t\t\t\t\t\t\t<\/li>\n\t\t\t\t\t\t<\/ul>\n\t\t\t\t\t\t<\/div>\n\t\t\t\t\t<\/div>\n\t\t<\/div>\n\t\t\t\t<div class=\"elementor-column elementor-col-33 elementor-inner-column elementor-element elementor-element-897da93\" data-id=\"897da93\" data-element_type=\"column\" data-e-type=\"column\">\n\t\t\t<div class=\"elementor-widget-wrap elementor-element-populated\">\n\t\t\t\t\t\t<div class=\"elementor-element elementor-element-62a103b elementor-widget elementor-widget-image\" data-id=\"62a103b\" data-element_type=\"widget\" data-e-type=\"widget\" data-widget_type=\"image.default\">\n\t\t\t\t\t\t\t\t\t\t\t\t\t\t\t<img fetchpriority=\"high\" decoding=\"async\" width=\"600\" height=\"460\" src=\"https:\/\/koneheino.ngmprojektit.fi\/wp-content\/uploads\/2026\/04\/kone-heino_valilaippa_ford-2000-4000-500.avif\" class=\"attachment-large size-large wp-image-154\" alt=\"\" srcset=\"https:\/\/koneheino.ngmprojektit.fi\/wp-content\/uploads\/2026\/04\/kone-heino_valilaippa_ford-2000-4000-500.avif 600w, https:\/\/koneheino.ngmprojektit.fi\/wp-content\/uploads\/2026\/04\/kone-heino_valilaippa_ford-2000-4000-500-300x230.avif 300w\" sizes=\"(max-width: 600px) 100vw, 600px\" \/>\t\t\t\t\t\t\t\t\t\t\t\t\t\t\t<\/div>\n\t\t\t\t<div class=\"elementor-element elementor-element-cc87ff6 elementor-widget elementor-widget-heading\" data-id=\"cc87ff6\" data-element_type=\"widget\" data-e-type=\"widget\" data-widget_type=\"heading.default\">\n\t\t\t\t\t<h2 class=\"elementor-heading-title elementor-size-default\">V\u00e4lilaippa Ford 5000\n\n<\/h2>\t\t\t\t<\/div>\n\t\t\t\t<div class=\"elementor-element elementor-element-67168bb elementor-widget elementor-widget-heading\" data-id=\"67168bb\" data-element_type=\"widget\" data-e-type=\"widget\" data-widget_type=\"heading.default\">\n\t\t\t\t\t<h2 class=\"elementor-heading-title elementor-size-default\">130 \u20ac\/kpl<\/h2>\t\t\t\t<\/div>\n\t\t\t\t<div class=\"elementor-element elementor-element-de5b85d elementor-icon-list--layout-traditional elementor-list-item-link-full_width elementor-widget elementor-widget-icon-list\" data-id=\"de5b85d\" data-element_type=\"widget\" data-e-type=\"widget\" data-widget_type=\"icon-list.default\">\n\t\t\t\t\t\t\t<ul class=\"elementor-icon-list-items\">\n\t\t\t\t\t\t\t<li class=\"elementor-icon-list-item\">\n\t\t\t\t\t\t\t\t\t\t<span class=\"elementor-icon-list-text\">V\u00e4lilaippa lis\u00e4hydrauliikkaa varten  Ford 5000, 4-sylinteriset<\/span>\n\t\t\t\t\t\t\t\t\t<\/li>\n\t\t\t\t\t\t<\/ul>\n\t\t\t\t\t\t<\/div>\n\t\t\t\t\t<\/div>\n\t\t<\/div>\n\t\t\t\t<div class=\"elementor-column elementor-col-33 elementor-inner-column elementor-element elementor-element-66cf495\" data-id=\"66cf495\" data-element_type=\"column\" data-e-type=\"column\">\n\t\t\t<div class=\"elementor-widget-wrap elementor-element-populated\">\n\t\t\t\t\t\t<div class=\"elementor-element elementor-element-a6c5d33 elementor-widget elementor-widget-image\" data-id=\"a6c5d33\" data-element_type=\"widget\" data-e-type=\"widget\" data-widget_type=\"image.default\">\n\t\t\t\t\t\t\t\t\t\t\t\t\t\t\t<img decoding=\"async\" width=\"587\" height=\"450\" src=\"https:\/\/koneheino.ngmprojektit.fi\/wp-content\/uploads\/2026\/04\/kone-heino_tyontovarrentuki_MF165-MF4000.avif\" class=\"attachment-large size-large wp-image-155\" alt=\"\" srcset=\"https:\/\/koneheino.ngmprojektit.fi\/wp-content\/uploads\/2026\/04\/kone-heino_tyontovarrentuki_MF165-MF4000.avif 587w, https:\/\/koneheino.ngmprojektit.fi\/wp-content\/uploads\/2026\/04\/kone-heino_tyontovarrentuki_MF165-MF4000-300x230.avif 300w\" sizes=\"(max-width: 587px) 100vw, 587px\" \/>\t\t\t\t\t\t\t\t\t\t\t\t\t\t\t<\/div>\n\t\t\t\t<div class=\"elementor-element elementor-element-4cb25ec elementor-widget elementor-widget-heading\" data-id=\"4cb25ec\" data-element_type=\"widget\" data-e-type=\"widget\" data-widget_type=\"heading.default\">\n\t\t\t\t\t<h2 class=\"elementor-heading-title elementor-size-default\">Ty\u00f6nt\u00f6varren tuki \u2013 MF165-MF4000 srj.\n\n\n<\/h2>\t\t\t\t<\/div>\n\t\t\t\t<div class=\"elementor-element elementor-element-b131790 elementor-widget elementor-widget-heading\" data-id=\"b131790\" data-element_type=\"widget\" data-e-type=\"widget\" data-widget_type=\"heading.default\">\n\t\t\t\t\t<h2 class=\"elementor-heading-title elementor-size-default\">45 \u20ac\/pari\n<\/h2>\t\t\t\t<\/div>\n\t\t\t\t\t<\/div>\n\t\t<\/div>\n\t\t\t\t\t<\/div>\n\t\t<\/section>\n\t\t\t\t\t<\/div>\n\t\t<\/div>\n\t\t\t\t\t<\/div>\n\t\t<\/section>\n\t\t\t\t<\/div>\n\t\t","protected":false},"excerpt":{"rendered":"<p>Tuotteet ja varaosat Myymme autoja, traktoreita, maatalouskoneita sek\u00e4 varaosia ja renkaita Katso myyt\u00e4v\u00e4t Nettikoneesta Katso myyt\u00e4v\u00e4t Nettiautosta Se mit\u00e4 ei l\u00f6ydy, se tilataan! K\u00e4yt\u00e4mme autojen ja koneiden myyntikanavana\u00a0Nettikonetta\u00a0ja\u00a0Nettiautoa. N\u00e4et myyniss\u00e4 olevat tuotteet alta. Varaosia voit tilata soittamalla\u00a0(03) 7171 560. Varaosat toimitetaan Postin tai Matkahuollon kautta. V\u00e4lilaippa Ford 2000-4000 142 \u20ac\/kpl V\u00e4lilaippa lis\u00e4hydrauliikkaa varten Vanhemmat Fordit, [&hellip;]<\/p>\n","protected":false},"author":1,"featured_media":0,"parent":0,"menu_order":0,"comment_status":"closed","ping_status":"closed","template":"elementor_header_footer","meta":{"footnotes":""},"class_list":["post-18","page","type-page","status-publish","hentry"],"_links":{"self":[{"href":"https:\/\/koneheino.ngmprojektit.fi\/wp-json\/wp\/v2\/pages\/18","targetHints":{"allow":["GET"]}}],"collection":[{"href":"https:\/\/koneheino.ngmprojektit.fi\/wp-json\/wp\/v2\/pages"}],"about":[{"href":"https:\/\/koneheino.ngmprojektit.fi\/wp-json\/wp\/v2\/types\/page"}],"author":[{"embeddable":true,"href":"https:\/\/koneheino.ngmprojektit.fi\/wp-json\/wp\/v2\/users\/1"}],"replies":[{"embeddable":true,"href":"https:\/\/koneheino.ngmprojektit.fi\/wp-json\/wp\/v2\/comments?post=18"}],"version-history":[{"count":19,"href":"https:\/\/koneheino.ngmprojektit.fi\/wp-json\/wp\/v2\/pages\/18\/revisions"}],"predecessor-version":[{"id":158,"href":"https:\/\/koneheino.ngmprojektit.fi\/wp-json\/wp\/v2\/pages\/18\/revisions\/158"}],"wp:attachment":[{"href":"https:\/\/koneheino.ngmprojektit.fi\/wp-json\/wp\/v2\/media?parent=18"}],"curies":[{"name":"wp","href":"https:\/\/api.w.org\/{rel}","templated":true}]}}